{"id":998,"date":"2025-04-14T12:24:17","date_gmt":"2025-04-14T12:24:17","guid":{"rendered":"https:\/\/www.anenhuette.ch\/imprint\/"},"modified":"2025-04-14T16:18:33","modified_gmt":"2025-04-14T16:18:33","slug":"imprint","status":"publish","type":"page","link":"https:\/\/www.anenhuette.ch\/en\/imprint\/","title":{"rendered":"Imprint"},"content":{"rendered":"\n<div class=\"wp-block-uagb-container uagb-block-0dad47d6 alignfull uagb-is-root-container\"><div class=\"uagb-container-inner-blocks-wrap\">\n<div class=\"wp-block-uagb-container uagb-block-149b8abe alignfull uagb-is-root-container\"><div class=\"uagb-container-inner-blocks-wrap\">\n<div class=\"wp-block-uagb-container uagb-block-474e5564\">\n<div class=\"wp-block-uagb-container uagb-block-67d29a59\"><h1 class=\"wp-block-post-title\">Imprint<\/h1>\n\n\n<p><strong>Responsible authority:<\/strong><br\/>Peter Tscherrig Anenh\u00fctte L\u00f6tschental GmbH<br\/>Chutzenstrasse 65<br\/>3047 Bremgarten b. Bern<br\/>Switzerland<br\/><strong>E-Mail<\/strong>: <a href=\"mailto:info@anenhuette.ch\">info@anenhuette.ch<\/a><\/p>\n\n\n\n<p><strong>Persons authorized to represent the company<\/strong><br\/>Dr. Prisca Liselotte Sch\u00e4ppi Tscherrig,<br\/>Peter Tscherrig<\/p>\n\n\n\n<p><strong>Company name<\/strong>: Peter Tscherrig Anenh\u00fctte L\u00f6tschental GmbH<br\/><strong>Registration number<\/strong>: CHE-115.399.208<br\/><strong>VAT identification number<\/strong>: CHE-115.399.208 MWST<\/p>\n\n\n\n<p><strong>Disclaimer<\/strong><br\/>The author assumes no liability for the correctness, accuracy, timeliness, reliability and completeness of the information.<br\/>Liability claims against the author for material or immaterial damage resulting from access to or use or non-use of the published information, misuse of the connection or technical faults are excluded.<\/p>\n\n\n\n<p>All offers are subject to change. The author expressly reserves the right to change, supplement or delete parts of the pages or the entire offer without prior notice or to cease publication temporarily or permanently. <\/p>\n\n\n\n<p><strong>Disclaimer for content and links<\/strong><br\/>References and links to third-party websites are outside our area of responsibility. Any responsibility for such websites is rejected. Access to and use of such websites is at the user's own risk.  <\/p>\n\n\n\n<p><strong>Copyright declaration<\/strong><br\/>The copyright and all other rights to content, images, photos or other files on this website belong exclusively to Peter Tscherrig Anenh\u00fctte L\u00f6tschental GmbH or the specifically named copyright holders. The written consent of the copyright holder must be obtained in advance for the reproduction of any elements. <\/p>\n\n\n\n<p><strong>Source<\/strong>: <a href=\"https:\/\/brainbox.swiss\/\">BrainBox Solutions<\/a><\/p>\n\n\n\n<p><strong>Content, text &amp; photos<\/strong><br\/><strong>Maintenance and management of the website<\/strong><br\/>Christian Josef and Melanie Tscherrig<br\/><a href=\"mailto:info@anenhuette.ch\">info@anenhuette.ch<\/a><\/p>\n\n\n\n<p><strong>Photos<br\/><\/strong>We owe these enriching photos to private individuals, amateur photographers and professional photographers, especially light artist David Bumann<\/p>\n\n\n\n<p><strong>Web Technology &amp; Multimedia<br\/><\/strong>Alexander Walter<strong><br\/><\/strong>www.augensaft.com <a target=\"_blank\" href=\"http:\/\/www.augensaft.com\/\" rel=\"noreferrer noopener\"><br\/><\/a><br\/> We welcome positive suggestions and ideas for improvement from our guests and visitors to the website. Please send us an e-mail.<br\/>Thank you very much for your feedback. <\/p>\n<\/div>\n<\/div>\n<\/div><\/div>\n<\/div><\/div>\n","protected":false},"excerpt":{"rendered":"<p>Responsible authority:Peter Tscherrig Anenh\u00fctte L\u00f6tschental GmbHChutzenstrasse 653047 Bremgarten b. BernSwitzerlandE-Mail: info@anenhuette.ch Persons authorized to represent the companyDr. Prisca Liselotte Sch\u00e4ppi Tscherrig,Peter Tscherrig Company name: Peter Tscherrig Anenh\u00fctte L\u00f6tschental GmbHRegistration number: CHE-115.399.208VAT identification number: CHE-115.399.208 MWST DisclaimerThe author assumes no liability for the correctness, accuracy, timeliness, reliability and completeness of the information.Liability claims against the author [&hellip;]<\/p>\n","protected":false},"author":1,"featured_media":0,"parent":0,"menu_order":0,"comment_status":"closed","ping_status":"closed","template":"","meta":{"inline_featured_image":false,"_uag_custom_page_level_css":"","slim_seo":{"title":"Imprint of the Anenh\u00fctte L\u00f6tschental","description":"More about the responsible authority, authorized representatives, the name of the company, disclaimer, etc."},"footnotes":""},"class_list":["post-998","page","type-page","status-publish","hentry"],"uagb_featured_image_src":{"full":false,"thumbnail":false,"medium":false,"medium_large":false,"large":false,"1536x1536":false,"2048x2048":false,"ultp_layout_landscape_large":false,"ultp_layout_landscape":false,"ultp_layout_portrait":false,"ultp_layout_square":false},"uagb_author_info":{"display_name":"admin","author_link":"https:\/\/www.anenhuette.ch\/en\/author\/adminischanhu\/"},"uagb_comment_info":0,"uagb_excerpt":"Responsible authority:Peter Tscherrig Anenh\u00fctte L\u00f6tschental GmbHChutzenstrasse 653047 Bremgarten b. BernSwitzerlandE-Mail: info@anenhuette.ch Persons authorized to represent the companyDr. Prisca Liselotte Sch\u00e4ppi Tscherrig,Peter Tscherrig Company name: Peter Tscherrig Anenh\u00fctte L\u00f6tschental GmbHRegistration number: CHE-115.399.208VAT identification number: CHE-115.399.208 MWST DisclaimerThe author assumes no liability for the correctness, accuracy, timeliness, reliability and completeness of the information.Liability claims against the author&hellip;","_links":{"self":[{"href":"https:\/\/www.anenhuette.ch\/en\/wp-json\/wp\/v2\/pages\/998","targetHints":{"allow":["GET"]}}],"collection":[{"href":"https:\/\/www.anenhuette.ch\/en\/wp-json\/wp\/v2\/pages"}],"about":[{"href":"https:\/\/www.anenhuette.ch\/en\/wp-json\/wp\/v2\/types\/page"}],"author":[{"embeddable":true,"href":"https:\/\/www.anenhuette.ch\/en\/wp-json\/wp\/v2\/users\/1"}],"replies":[{"embeddable":true,"href":"https:\/\/www.anenhuette.ch\/en\/wp-json\/wp\/v2\/comments?post=998"}],"version-history":[{"count":1,"href":"https:\/\/www.anenhuette.ch\/en\/wp-json\/wp\/v2\/pages\/998\/revisions"}],"predecessor-version":[{"id":999,"href":"https:\/\/www.anenhuette.ch\/en\/wp-json\/wp\/v2\/pages\/998\/revisions\/999"}],"wp:attachment":[{"href":"https:\/\/www.anenhuette.ch\/en\/wp-json\/wp\/v2\/media?parent=998"}],"curies":[{"name":"wp","href":"https:\/\/api.w.org\/{rel}","templated":true}]}}