{"id":966,"date":"2024-03-28T09:21:24","date_gmt":"2024-03-28T09:21:24","guid":{"rendered":"https:\/\/www.anenhuette.ch\/restauration\/"},"modified":"2025-04-14T17:10:02","modified_gmt":"2025-04-14T17:10:02","slug":"restauration","status":"publish","type":"page","link":"https:\/\/www.anenhuette.ch\/fr\/restauration\/","title":{"rendered":"Restauration"},"content":{"rendered":"\n<div class=\"wp-block-uagb-container uagb-block-0dad47d6 alignfull uagb-is-root-container\"><div class=\"uagb-container-inner-blocks-wrap\">\n<div class=\"wp-block-uagb-container uagb-block-149b8abe alignfull uagb-is-root-container\"><div class=\"uagb-container-inner-blocks-wrap\">\n<div class=\"wp-block-uagb-container uagb-block-474e5564\">\n<div class=\"wp-block-uagb-container uagb-block-67d29a59\"><h1 class=\"wp-block-post-title\">Restauration<\/h1>\n\n\n<p><strong>D\u00e9lices locaux toujours fra\u00eechement pr\u00e9par\u00e9s<\/strong> Assiette valaisanne, fromage \u00e0 rebibes, saucisse de la maison du guide de montagne, soupes d\u00e9licieuses, d\u00e9licieuses cro\u00fbtes au fromage Letsch\u00e4r, d\u00e9licieux \u00c4lplermakkronen avec compote de pommes, g\u00e2teau Anenk fra\u00eechement cuit, sans oublier le tr\u00e8s appr\u00e9ci\u00e9 g\u00e2teau aux abricots (en saison).<\/p>\n<\/div>\n\n\n\n<div class=\"wp-block-uagb-container uagb-block-9b6e5d9a\"><\/div>\n<\/div>\n\n\n\n<div class=\"wp-block-uagb-container uagb-block-b3c0cdab\">\n<div class=\"wp-block-uagb-container uagb-block-af5ec58a\"><\/div>\n\n\n\n<div class=\"wp-block-uagb-container uagb-block-4570f982\">\n<div class=\"wp-block-uagb-advanced-heading uagb-block-e07e8677\"><h2 class=\"uagb-heading-text\">Ingr\u00e9dients frais<\/h2><\/div>\n\n\n\n<p>Beaucoup de<strong> <\/strong>Les produits proviennent de producteurs et d'agriculteurs de la r\u00e9gion et de la vall\u00e9e du Rh\u00f4ne. En \u00e9t\u00e9, l'Anenh\u00fctte est approvisionn\u00e9e chaque semaine en produits frais par h\u00e9licopt\u00e8re. <br\/><strong>Le soir, un savoureux menu de cabane \u00e0 quatre plats vous attend.  <\/strong>Menus v\u00e9g\u00e9tariens sur r\u00e9servation.<\/p>\n<\/div>\n<\/div>\n\n\n\n<div class=\"wp-block-uagb-container uagb-block-dd0374fd\">\n<div class=\"wp-block-uagb-container uagb-block-44c25efe\">\n<div class=\"wp-block-uagb-advanced-heading uagb-block-fec5feeb\"><h2 class=\"uagb-heading-text\">Vins \/ Spiritueux<\/h2><\/div>\n\n\n\n<p><strong>Vins s\u00e9lectionn\u00e9s du Valais<\/strong> Perles des viticulteurs valaisans, s\u00e9lectionn\u00e9es pour vous de mani\u00e8re cibl\u00e9e et soigneusement entrepos\u00e9es dans la cave du rocher.<br\/><strong>Secrets de l'Anenh\u00fctte<\/strong>, Genepi, Marc \u00e0 la noble herbe du glacier de l'Anen et ..... ? Mirta<strong>,<\/strong> liqueur de myrtille avec.... ?<\/p>\n<\/div>\n\n\n\n<div class=\"wp-block-uagb-container uagb-block-0033132f\"><\/div>\n<\/div>\n<\/div><\/div>\n<\/div><\/div>\n\n<div data-aos= \"fade-up\" data-aos-duration=\"400\" data-aos-delay=\"0\" data-aos-easing=\"ease\" data-aos-once=\"true\" class=\"wp-block-uagb-container uagb-block-38f7f59a alignfull uagb-is-root-container\"><div class=\"uagb-container-inner-blocks-wrap\">\n<div class=\"wp-block-uagb-container uagb-block-2e60cd5e\">\n<div class=\"wp-block-uagb-info-box uagb-block-3dac5d95 uagb-infobox__content-wrap  uagb-infobox-icon-above-title uagb-infobox-image-valign-top\"><div class=\"uagb-ifb-content\"><div class=\"uagb-ifb-icon-wrap\"><svg xmlns=\"https:\/\/www.w3.org\/2000\/svg\" viewbox=\"0 0 448 512\"><path d=\"M96 224C84.72 224 74.05 226.3 64 229.9V224c0-35.3 28.7-64 64-64c17.67 0 32-14.33 32-32S145.7 96 128 96C57.42 96 0 153.4 0 224v96c0 53.02 42.98 96 96 96s96-42.98 96-96S149 224 96 224zM352 224c-11.28 0-21.95 2.305-32 5.879V224c0-35.3 28.7-64 64-64c17.67 0 32-14.33 32-32s-14.33-32-32-32c-70.58 0-128 57.42-128 128v96c0 53.02 42.98 96 96 96s96-42.98 96-96S405 224 352 224z\"><\/path><\/svg><\/div><div class=\"uagb-ifb-title-wrap\"><\/div><p class=\"uagb-ifb-desc\">Un endroit divin pour manger et dormir. Un service impeccable. Nous y sommes all\u00e9s le 30\/09\/2022, seulement deux personnes y ont dormi et pourtant un service professionnel et amical. F\u00e9licitations \u00e0 toute l'\u00e9quipe.   <br\/><br\/>Daniel<\/p><\/div><\/div>\n<\/div>\n\n\n\n<div class=\"wp-block-uagb-container uagb-block-6efb3913\">\n<div class=\"wp-block-uagb-info-box uagb-block-46133c02 uagb-infobox__content-wrap  uagb-infobox-icon-above-title uagb-infobox-image-valign-top\"><div class=\"uagb-ifb-content\"><div class=\"uagb-ifb-icon-wrap\"><svg xmlns=\"https:\/\/www.w3.org\/2000\/svg\" viewbox=\"0 0 448 512\"><path d=\"M96 224C84.72 224 74.05 226.3 64 229.9V224c0-35.3 28.7-64 64-64c17.67 0 32-14.33 32-32S145.7 96 128 96C57.42 96 0 153.4 0 224v96c0 53.02 42.98 96 96 96s96-42.98 96-96S149 224 96 224zM352 224c-11.28 0-21.95 2.305-32 5.879V224c0-35.3 28.7-64 64-64c17.67 0 32-14.33 32-32s-14.33-32-32-32c-70.58 0-128 57.42-128 128v96c0 53.02 42.98 96 96 96s96-42.98 96-96S405 224 352 224z\"><\/path><\/svg><\/div><div class=\"uagb-ifb-title-wrap\"><\/div><p class=\"uagb-ifb-desc\">Personnel tr\u00e8s sympathique. D\u00eener d\u00e9licieux ! Chambre magnifique avec toilettes et douche priv\u00e9es. Le petit d\u00e9jeuner \u00e9tait \u00e9galement excellent ! Un s\u00e9jour inoubliable dans ce magnifique refuge.    <br\/><br\/>Christine<\/p><\/div><\/div>\n<\/div>\n\n\n\n<div class=\"wp-block-uagb-container uagb-block-16bd070c\">\n<div class=\"wp-block-uagb-info-box uagb-block-3bba660d uagb-infobox__content-wrap  uagb-infobox-icon-above-title uagb-infobox-image-valign-top\"><div class=\"uagb-ifb-content\"><div class=\"uagb-ifb-icon-wrap\"><svg xmlns=\"https:\/\/www.w3.org\/2000\/svg\" viewbox=\"0 0 448 512\"><path d=\"M96 224C84.72 224 74.05 226.3 64 229.9V224c0-35.3 28.7-64 64-64c17.67 0 32-14.33 32-32S145.7 96 128 96C57.42 96 0 153.4 0 224v96c0 53.02 42.98 96 96 96s96-42.98 96-96S149 224 96 224zM352 224c-11.28 0-21.95 2.305-32 5.879V224c0-35.3 28.7-64 64-64c17.67 0 32-14.33 32-32s-14.33-32-32-32c-70.58 0-128 57.42-128 128v96c0 53.02 42.98 96 96 96s96-42.98 96-96S405 224 352 224z\"><\/path><\/svg><\/div><div class=\"uagb-ifb-title-wrap\"><\/div><p class=\"uagb-ifb-desc\">Au fin fond du magique L\u00f6tschental<br\/>Randonn\u00e9e facile dans l'une des plus belles vall\u00e9es de Suisse. Au printemps, une \u00e9norme richesse florale, en automne, des couleurs d'automne d'une beaut\u00e9 in\u00e9gal\u00e9e. Avec un peu de chance, vous pourrez observer des chamois, des li\u00e8vres, des bouquetins et des marmottes.  <br\/><br\/>Ruth<\/p><\/div><\/div>\n<\/div>\n<\/div><\/div>\n\n<div class=\"wp-block-uagb-container uagb-block-ad0bc45d alignfull uagb-is-root-container\"><div class=\"uagb-container-inner-blocks-wrap\">\n<div data-aos= \"fade-up\" data-aos-duration=\"400\" data-aos-delay=\"0\" data-aos-easing=\"ease\" data-aos-once=\"true\" class=\"wp-block-uagb-advanced-heading uagb-block-da608a7f\"><div class=\"uagb-heading-text\">BUCHEN SIE JETZT<\/div><\/div>\n\n\n\n<div data-aos= \"fade-up\" data-aos-duration=\"400\" data-aos-delay=\"0\" data-aos-easing=\"ease\" data-aos-once=\"true\" class=\"wp-block-uagb-info-box uagb-block-080d2a5a uagb-infobox__content-wrap  uagb-infobox-icon-above-title uagb-infobox-image-valign-top\"><div class=\"uagb-ifb-content\"><div class=\"uagb-ifb-title-wrap\"><h2 class=\"uagb-ifb-title\">D\u00e9couvrez le L\u00f6tschental et l'Anenh\u00fctte - R\u00e9servez votre s\u00e9jour<\/h2><\/div><div class=\"uagb-ifb-button-wrapper wp-block-button\"><a href=\"https:\/\/www.anenhuette.ch\/fr\/passer-la-nuit\/\" class=\"uagb-infobox-cta-link wp-block-button__link\" target=\"_self\" rel=\"noopener noreferrer\" onclick=\"return true;\"><span class=\"uagb-inline-editing\">VIVEZ L'EXP\u00c9RIENCE<\/span><\/a><\/div><\/div><\/div>\n<\/div><\/div>\n\n<div class=\"wp-block-uagb-container uagb-block-e2d52c76 alignfull uagb-is-root-container\"><div class=\"uagb-container-inner-blocks-wrap\">\n<div class=\"wp-block-uagb-container uagb-block-c0f2790b alignfull uagb-is-root-container\"><div class=\"uagb-container-inner-blocks-wrap\">\n<div class=\"wp-block-uagb-container uagb-block-76b33520\">\n<div data-aos= \"fade-up\" data-aos-duration=\"400\" data-aos-delay=\"0\" data-aos-easing=\"ease\" data-aos-once=\"true\" class=\"wp-block-uagb-container uagb-block-8a7d63c7\">\n<div class=\"wp-block-uagb-advanced-heading uagb-block-a3ad2a0f\"><h2 class=\"uagb-heading-text\">\u00c9quipe - \u00c0 propos de nous<\/h2><\/div>\n\n\n\n<p>Notre \u00e9quipe s'occupe de chaque client et de chaque occasion avec une attention personnalis\u00e9e.<\/p>\n\n\n\n<div class=\"wp-block-uagb-buttons uagb-buttons__outer-wrap uagb-btn__default-btn uagb-btn-tablet__default-btn uagb-btn-mobile__default-btn uagb-block-2bc16717\"><div class=\"uagb-buttons__wrap uagb-buttons-layout-wrap\">\n<div class=\"wp-block-uagb-buttons-child uagb-buttons__outer-wrap uagb-block-3bf91104 wp-block-button\"><div class=\"uagb-button__wrapper\"><a class=\"uagb-buttons-repeater wp-block-button__link\" aria-label=\"\" href=\"https:\/\/www.anenhuette.ch\/fr\/a-propos-de-nous\/\" rel=\"follow noopener\" target=\"_self\"><div class=\"uagb-button__link\">\u00c0 propos de nous<\/div><\/a><\/div><\/div>\n<\/div><\/div>\n<\/div>\n\n\n\n<div data-aos= \"fade-up\" data-aos-duration=\"400\" data-aos-delay=\"0\" data-aos-easing=\"ease\" data-aos-once=\"true\" class=\"wp-block-uagb-container uagb-block-ae2b2423\"><\/div>\n<\/div>\n<\/div><\/div>\n<\/div><\/div>\n","protected":false},"excerpt":{"rendered":"<p>D\u00e9lices locaux toujours fra\u00eechement pr\u00e9par\u00e9s Assiette valaisanne, fromage \u00e0 rebibes, saucisse de la maison du guide de montagne, soupes d\u00e9licieuses, d\u00e9licieuses cro\u00fbtes au fromage Letsch\u00e4r, d\u00e9licieux \u00c4lplermakkronen avec compote de pommes, g\u00e2teau Anenk fra\u00eechement cuit, sans oublier le tr\u00e8s appr\u00e9ci\u00e9 g\u00e2teau aux abricots (en saison). Ingr\u00e9dients frais Beaucoup de Les produits proviennent de producteurs et [&hellip;]<\/p>\n","protected":false},"author":1,"featured_media":0,"parent":0,"menu_order":0,"comment_status":"closed","ping_status":"closed","template":"","meta":{"inline_featured_image":false,"_uag_custom_page_level_css":"","slim_seo":{"title":"Restauration \u00e0 l'Anenh\u00fctte dans le L\u00f6tschental","description":"D\u00e9lices locaux toujours fra\u00eechement pr\u00e9par\u00e9s. Le soir, un savoureux menu de cabane \u00e0 quatre plats vous attend. D\u00e9couvrez nos vins raffin\u00e9s du Valais."},"footnotes":""},"class_list":["post-966","page","type-page","status-publish","hentry"],"uagb_featured_image_src":{"full":false,"thumbnail":false,"medium":false,"medium_large":false,"large":false,"1536x1536":false,"2048x2048":false,"ultp_layout_landscape_large":false,"ultp_layout_landscape":false,"ultp_layout_portrait":false,"ultp_layout_square":false},"uagb_author_info":{"display_name":"admin","author_link":"https:\/\/www.anenhuette.ch\/fr\/author\/adminischanhu\/"},"uagb_comment_info":0,"uagb_excerpt":"D\u00e9lices locaux toujours fra\u00eechement pr\u00e9par\u00e9s Assiette valaisanne, fromage \u00e0 rebibes, saucisse de la maison du guide de montagne, soupes d\u00e9licieuses, d\u00e9licieuses cro\u00fbtes au fromage Letsch\u00e4r, d\u00e9licieux \u00c4lplermakkronen avec compote de pommes, g\u00e2teau Anenk fra\u00eechement cuit, sans oublier le tr\u00e8s appr\u00e9ci\u00e9 g\u00e2teau aux abricots (en saison). Ingr\u00e9dients frais Beaucoup de Les produits proviennent de producteurs et\u2026","_links":{"self":[{"href":"https:\/\/www.anenhuette.ch\/fr\/wp-json\/wp\/v2\/pages\/966","targetHints":{"allow":["GET"]}}],"collection":[{"href":"https:\/\/www.anenhuette.ch\/fr\/wp-json\/wp\/v2\/pages"}],"about":[{"href":"https:\/\/www.anenhuette.ch\/fr\/wp-json\/wp\/v2\/types\/page"}],"author":[{"embeddable":true,"href":"https:\/\/www.anenhuette.ch\/fr\/wp-json\/wp\/v2\/users\/1"}],"replies":[{"embeddable":true,"href":"https:\/\/www.anenhuette.ch\/fr\/wp-json\/wp\/v2\/comments?post=966"}],"version-history":[{"count":1,"href":"https:\/\/www.anenhuette.ch\/fr\/wp-json\/wp\/v2\/pages\/966\/revisions"}],"predecessor-version":[{"id":967,"href":"https:\/\/www.anenhuette.ch\/fr\/wp-json\/wp\/v2\/pages\/966\/revisions\/967"}],"wp:attachment":[{"href":"https:\/\/www.anenhuette.ch\/fr\/wp-json\/wp\/v2\/media?parent=966"}],"curies":[{"name":"wp","href":"https:\/\/api.w.org\/{rel}","templated":true}]}}