{"id":981,"date":"2024-03-29T16:55:03","date_gmt":"2024-03-29T14:55:03","guid":{"rendered":"https:\/\/www.anenhuette.ch\/passer-la-nuit\/"},"modified":"2025-04-23T11:08:25","modified_gmt":"2025-04-23T09:08:25","slug":"passer-la-nuit","status":"publish","type":"page","link":"https:\/\/www.anenhuette.ch\/fr\/passer-la-nuit\/","title":{"rendered":"Passer la nuit"},"content":{"rendered":"\n<div class=\"wp-block-uagb-container uagb-block-0dad47d6 alignfull uagb-is-root-container\"><div class=\"uagb-container-inner-blocks-wrap\">\n<div class=\"wp-block-uagb-container uagb-block-149b8abe alignfull uagb-is-root-container\"><div class=\"uagb-container-inner-blocks-wrap\">\n<div class=\"wp-block-uagb-container uagb-block-474e5564\">\n<div class=\"wp-block-uagb-container uagb-block-67d29a59\"><h1 class=\"wp-block-post-title\">Passer la nuit<\/h1>\n\n\n<div class=\"wp-block-uagb-advanced-heading uagb-block-e07e8677\"><h2 class=\"uagb-heading-text\">Lit cabane<\/h2><\/div>\n\n\n\n<p>Lits fra\u00eechement faits, nich\u00e9s dans le style nordique, WC \u00e0 l'\u00e9tage, douches chaudes au rez-de-chauss\u00e9e &amp; drap de douche, belles fen\u00eatres panoramiques, crocs de cabane.<\/p>\n<\/div>\n\n\n\n<div class=\"wp-block-uagb-container uagb-block-9b6e5d9a\"><\/div>\n<\/div>\n\n\n\n<div class=\"wp-block-uagb-container uagb-block-b3c0cdab\">\n<div class=\"wp-block-uagb-container uagb-block-af5ec58a\"><\/div>\n\n\n\n<div class=\"wp-block-uagb-container uagb-block-4570f982\">\n<div class=\"wp-block-uagb-advanced-heading uagb-block-e83c530b\"><h2 class=\"uagb-heading-text\">Chambre \u00e0 plusieurs lits<\/h2><\/div>\n\n\n\n<p>Chambre extr\u00eamement spacieuse avec 3 grandslits, max. 6 personnes, confortable, avec vue sur le L\u00f6tschenl\u00fccke. Lits fra\u00eechement pr\u00e9par\u00e9s, d\u00e9cor nordique, WC dans la chambre, douches chaudes au rez-de-chauss\u00e9e &amp; drap de douche, croquettes de chalet.  <\/p>\n<\/div>\n<\/div>\n\n\n\n<div class=\"wp-block-uagb-container uagb-block-dd0374fd\">\n<div class=\"wp-block-uagb-container uagb-block-44c25efe\">\n<div class=\"wp-block-uagb-advanced-heading uagb-block-fec5feeb\"><h2 class=\"uagb-heading-text\">Suite alpine<\/h2><\/div>\n\n\n\n<p><strong>Exp\u00e9rience et romantisme montagnard \u00e0 l'\u00e9tat pur<\/strong>. Chambre pour 2 personnes<br>Douche &amp; toilettes priv\u00e9es dans la chambre, grandlit fra\u00eechement recouvert, nich\u00e9 dans un d\u00e9cor nordique, drap de douche, crocs de cabane. <\/p>\n<\/div>\n\n\n\n<div class=\"wp-block-uagb-container uagb-block-0033132f\"><\/div>\n<\/div>\n\n\n\n<div class=\"wp-block-uagb-container uagb-block-d059b580\">\n<div class=\"wp-block-uagb-container uagb-block-d3dc7818\"><\/div>\n\n\n\n<div class=\"wp-block-uagb-container uagb-block-5035a697\">\n<div class=\"wp-block-uagb-advanced-heading uagb-block-f641954d\"><h2 class=\"uagb-heading-text\">Maxisuite Anensee<\/h2><\/div>\n\n\n\n<p>Exp\u00e9rience familiale priv\u00e9e dans les montagnes, r\u00e9veil avec vue sur le L\u00f6tschenl\u00fccke. 4-6 personnes (r\u00e9servation possible \u00e0 partir de 4 pers.), 2 grandslits, 2 lits simples, douche &amp; toilettes priv\u00e9es dans la chambre, lits fra\u00eechement faits, nich\u00e9s dans un d\u00e9cor nordique, drap de douche, croquettes de chalet. <\/p>\n<\/div>\n<\/div>\n\n\n\n<div class=\"wp-block-uagb-container uagb-block-fd17fb8a\">\n<div class=\"wp-block-uagb-container uagb-block-a1305225\">\n<div class=\"wp-block-uagb-advanced-heading uagb-block-d257131d\"><h2 class=\"uagb-heading-text\">Suite bien-\u00eatre<\/h2><\/div>\n\n\n\n<p><strong>Le luxe \u00e0 l'\u00e9tat pur - au milieu d'un paysage de montagne fascinant<\/strong>. Chambre spacieuse avec douche et toilettes priv\u00e9es, sauna, baignoire baln\u00e9o et grande terrasse ensoleill\u00e9e surplombant les glaciers. <\/p>\n<\/div>\n\n\n\n<div class=\"wp-block-uagb-container uagb-block-cd00922d\"><\/div>\n<\/div>\n<\/div><\/div>\n\n\n\n<div class=\"wp-block-uagb-container uagb-block-f82b8996\">\n<div class=\"wp-block-uagb-advanced-heading uagb-block-9300937b\"><h2 class=\"uagb-heading-text\">R\u00e9server<\/h2><\/div>\n\n\n\n<div data-wp-interactive=\"core\/file\" class=\"wp-block-file\"><object data-wp-bind--hidden=\"!state.hasPdfPreview\" hidden class=\"wp-block-file__embed\" data=\"https:\/\/www.anenhuette.ch\/wp-content\/uploads\/2025\/04\/Preisliste_2025-2.pdf\" type=\"application\/pdf\" style=\"width:100%;height:600px\" aria-label=\"Contenu embarqu\u00e9 Prix 2025.\"><\/object><a id=\"wp-block-file--media-ec372cf0-b63a-40bd-82a4-d19e8d6847fa\" href=\"https:\/\/www.anenhuette.ch\/wp-content\/uploads\/2025\/04\/Preisliste_2025-2.pdf\">Prix 2025<\/a><\/div>\n\n\n<script async src=\"https:\/\/secured.sirvoy.com\/widget\/sirvoy.js\" data-form-id=\"8972b61e31e4446b\" data-wp-plugin-version=\"5.1\"><\/script>\n<\/div>\n<\/div><\/div>\n\n\n\n<div data-aos= \"fade-up\" data-aos-duration=\"400\" data-aos-delay=\"0\" data-aos-easing=\"ease\" data-aos-once=\"true\" class=\"wp-block-uagb-container uagb-block-38f7f59a alignfull uagb-is-root-container\"><div class=\"uagb-container-inner-blocks-wrap\">\n<div class=\"wp-block-uagb-container uagb-block-2e60cd5e\">\n<div class=\"wp-block-uagb-info-box uagb-block-3dac5d95 uagb-infobox__content-wrap  uagb-infobox-icon-above-title uagb-infobox-image-valign-top\"><div class=\"uagb-ifb-content\"><div class=\"uagb-ifb-icon-wrap\"><svg xmlns=\"https:\/\/www.w3.org\/2000\/svg\" viewbox=\"0 0 448 512\"><path d=\"M96 224C84.72 224 74.05 226.3 64 229.9V224c0-35.3 28.7-64 64-64c17.67 0 32-14.33 32-32S145.7 96 128 96C57.42 96 0 153.4 0 224v96c0 53.02 42.98 96 96 96s96-42.98 96-96S149 224 96 224zM352 224c-11.28 0-21.95 2.305-32 5.879V224c0-35.3 28.7-64 64-64c17.67 0 32-14.33 32-32s-14.33-32-32-32c-70.58 0-128 57.42-128 128v96c0 53.02 42.98 96 96 96s96-42.98 96-96S405 224 352 224z\"><\/path><\/svg><\/div><div class=\"uagb-ifb-title-wrap\"><\/div><p class=\"uagb-ifb-desc\">Un endroit divin pour manger et dormir. Un service impeccable. Nous y sommes all\u00e9s le 30\/09\/2022, seulement deux personnes y ont dormi et pourtant un service professionnel et amical. F\u00e9licitations \u00e0 toute l'\u00e9quipe.   <br\/><br\/>Daniel<\/p><\/div><\/div>\n<\/div>\n\n\n\n<div class=\"wp-block-uagb-container uagb-block-6efb3913\">\n<div class=\"wp-block-uagb-info-box uagb-block-46133c02 uagb-infobox__content-wrap  uagb-infobox-icon-above-title uagb-infobox-image-valign-top\"><div class=\"uagb-ifb-content\"><div class=\"uagb-ifb-icon-wrap\"><svg xmlns=\"https:\/\/www.w3.org\/2000\/svg\" viewbox=\"0 0 448 512\"><path d=\"M96 224C84.72 224 74.05 226.3 64 229.9V224c0-35.3 28.7-64 64-64c17.67 0 32-14.33 32-32S145.7 96 128 96C57.42 96 0 153.4 0 224v96c0 53.02 42.98 96 96 96s96-42.98 96-96S149 224 96 224zM352 224c-11.28 0-21.95 2.305-32 5.879V224c0-35.3 28.7-64 64-64c17.67 0 32-14.33 32-32s-14.33-32-32-32c-70.58 0-128 57.42-128 128v96c0 53.02 42.98 96 96 96s96-42.98 96-96S405 224 352 224z\"><\/path><\/svg><\/div><div class=\"uagb-ifb-title-wrap\"><\/div><p class=\"uagb-ifb-desc\">Personnel tr\u00e8s sympathique. D\u00eener d\u00e9licieux ! Chambre magnifique avec toilettes et douche priv\u00e9es. Le petit d\u00e9jeuner \u00e9tait \u00e9galement excellent ! Un s\u00e9jour inoubliable dans ce magnifique refuge.    <br\/><br\/>Christine<\/p><\/div><\/div>\n<\/div>\n\n\n\n<div class=\"wp-block-uagb-container uagb-block-16bd070c\">\n<div class=\"wp-block-uagb-info-box uagb-block-3bba660d uagb-infobox__content-wrap  uagb-infobox-icon-above-title uagb-infobox-image-valign-top\"><div class=\"uagb-ifb-content\"><div class=\"uagb-ifb-icon-wrap\"><svg xmlns=\"https:\/\/www.w3.org\/2000\/svg\" viewbox=\"0 0 448 512\"><path d=\"M96 224C84.72 224 74.05 226.3 64 229.9V224c0-35.3 28.7-64 64-64c17.67 0 32-14.33 32-32S145.7 96 128 96C57.42 96 0 153.4 0 224v96c0 53.02 42.98 96 96 96s96-42.98 96-96S149 224 96 224zM352 224c-11.28 0-21.95 2.305-32 5.879V224c0-35.3 28.7-64 64-64c17.67 0 32-14.33 32-32s-14.33-32-32-32c-70.58 0-128 57.42-128 128v96c0 53.02 42.98 96 96 96s96-42.98 96-96S405 224 352 224z\"><\/path><\/svg><\/div><div class=\"uagb-ifb-title-wrap\"><\/div><p class=\"uagb-ifb-desc\">Au fin fond du magique L\u00f6tschental<br\/>Randonn\u00e9e facile dans l'une des plus belles vall\u00e9es de Suisse. Au printemps, une \u00e9norme richesse florale, en automne, des couleurs d'automne d'une beaut\u00e9 in\u00e9gal\u00e9e. Avec un peu de chance, vous pourrez observer des chamois, des li\u00e8vres, des bouquetins et des marmottes.  <br\/><br\/>Ruth<\/p><\/div><\/div>\n<\/div>\n<\/div><\/div>\n\n\n\n<div class=\"wp-block-uagb-container uagb-block-ad0bc45d alignfull uagb-is-root-container\"><div class=\"uagb-container-inner-blocks-wrap\">\n<div data-aos= \"fade-up\" data-aos-duration=\"400\" data-aos-delay=\"0\" data-aos-easing=\"ease\" data-aos-once=\"true\" class=\"wp-block-uagb-advanced-heading uagb-block-da608a7f\"><div class=\"uagb-heading-text\">BUCHEN SIE JETZT<\/div><\/div>\n\n\n\n<div data-aos= \"fade-up\" data-aos-duration=\"400\" data-aos-delay=\"0\" data-aos-easing=\"ease\" data-aos-once=\"true\" class=\"wp-block-uagb-info-box uagb-block-080d2a5a uagb-infobox__content-wrap  uagb-infobox-icon-above-title uagb-infobox-image-valign-top\"><div class=\"uagb-ifb-content\"><div class=\"uagb-ifb-title-wrap\"><h2 class=\"uagb-ifb-title\">D\u00e9couvrez le L\u00f6tschental et l'Anenh\u00fctte - R\u00e9servez votre s\u00e9jour<\/h2><\/div><div class=\"uagb-ifb-button-wrapper wp-block-button\"><a href=\"https:\/\/www.anenhuette.ch\/fr\/passer-la-nuit\/\" class=\"uagb-infobox-cta-link wp-block-button__link\" target=\"_self\" rel=\"noopener noreferrer\" onclick=\"return true;\"><span class=\"uagb-inline-editing\">VIVEZ L'EXP\u00c9RIENCE<\/span><\/a><\/div><\/div><\/div>\n<\/div><\/div>\n\n\n\n<div class=\"wp-block-uagb-container uagb-block-e2d52c76 alignfull uagb-is-root-container\"><div class=\"uagb-container-inner-blocks-wrap\">\n<div class=\"wp-block-uagb-container uagb-block-c0f2790b alignfull uagb-is-root-container\"><div class=\"uagb-container-inner-blocks-wrap\">\n<div class=\"wp-block-uagb-container uagb-block-76b33520\">\n<div data-aos= \"fade-up\" data-aos-duration=\"400\" data-aos-delay=\"0\" data-aos-easing=\"ease\" data-aos-once=\"true\" class=\"wp-block-uagb-container uagb-block-8a7d63c7\">\n<div class=\"wp-block-uagb-advanced-heading uagb-block-a3ad2a0f\"><h2 class=\"uagb-heading-text\">\u00c9quipe - \u00c0 propos de nous<\/h2><\/div>\n\n\n\n<p>Notre \u00e9quipe s'occupe de chaque client et de chaque occasion avec une attention personnalis\u00e9e.<\/p>\n\n\n\n<div class=\"wp-block-uagb-buttons uagb-buttons__outer-wrap uagb-btn__default-btn uagb-btn-tablet__default-btn uagb-btn-mobile__default-btn uagb-block-2bc16717\"><div class=\"uagb-buttons__wrap uagb-buttons-layout-wrap\">\n<div class=\"wp-block-uagb-buttons-child uagb-buttons__outer-wrap uagb-block-3bf91104 wp-block-button\"><div class=\"uagb-button__wrapper\"><a class=\"uagb-buttons-repeater wp-block-button__link\" aria-label=\"\" href=\"https:\/\/www.anenhuette.ch\/fr\/a-propos-de-nous\/\" rel=\"follow noopener\" target=\"_self\"><div class=\"uagb-button__link\">\u00c0 propos de nous<\/div><\/a><\/div><\/div>\n<\/div><\/div>\n<\/div>\n\n\n\n<div data-aos= \"fade-up\" data-aos-duration=\"400\" data-aos-delay=\"0\" data-aos-easing=\"ease\" data-aos-once=\"true\" class=\"wp-block-uagb-container uagb-block-ae2b2423\"><\/div>\n<\/div>\n<\/div><\/div>\n<\/div><\/div>\n","protected":false},"excerpt":{"rendered":"<p>Lit cabane Lits fra\u00eechement faits, nich\u00e9s dans le style nordique, WC \u00e0 l'\u00e9tage, douches chaudes au rez-de-chauss\u00e9e &amp; drap de douche, belles fen\u00eatres panoramiques, crocs de cabane. Chambre \u00e0 plusieurs lits Chambre extr\u00eamement spacieuse avec 3 grandslits, max. 6 personnes, confortable, avec vue sur le L\u00f6tschenl\u00fccke. Lits fra\u00eechement pr\u00e9par\u00e9s, d\u00e9cor nordique, WC dans la chambre, [&hellip;]<\/p>\n","protected":false},"author":1,"featured_media":0,"parent":0,"menu_order":0,"comment_status":"closed","ping_status":"closed","template":"","meta":{"inline_featured_image":false,"_uag_custom_page_level_css":"","slim_seo":{"title":"Passer la nuit \u00e0 l'Anenh\u00fctte dans le L\u00f6tschental","description":"Choisissez un lit de cabane, un dortoir, une suite ou une suite avec spa dans la chambre. Draps frais, douches chaudes et vue \u00e0 couper le souffle inclus."},"footnotes":""},"class_list":["post-981","page","type-page","status-publish","hentry"],"uagb_featured_image_src":{"full":false,"thumbnail":false,"medium":false,"medium_large":false,"large":false,"1536x1536":false,"2048x2048":false,"ultp_layout_landscape_large":false,"ultp_layout_landscape":false,"ultp_layout_portrait":false,"ultp_layout_square":false},"uagb_author_info":{"display_name":"admin","author_link":"https:\/\/www.anenhuette.ch\/fr\/author\/adminischanhu\/"},"uagb_comment_info":0,"uagb_excerpt":"Lit cabane Lits fra\u00eechement faits, nich\u00e9s dans le style nordique, WC \u00e0 l'\u00e9tage, douches chaudes au rez-de-chauss\u00e9e &amp; drap de douche, belles fen\u00eatres panoramiques, crocs de cabane. Chambre \u00e0 plusieurs lits Chambre extr\u00eamement spacieuse avec 3 grandslits, max. 6 personnes, confortable, avec vue sur le L\u00f6tschenl\u00fccke. Lits fra\u00eechement pr\u00e9par\u00e9s, d\u00e9cor nordique, WC dans la chambre,\u2026","_links":{"self":[{"href":"https:\/\/www.anenhuette.ch\/fr\/wp-json\/wp\/v2\/pages\/981","targetHints":{"allow":["GET"]}}],"collection":[{"href":"https:\/\/www.anenhuette.ch\/fr\/wp-json\/wp\/v2\/pages"}],"about":[{"href":"https:\/\/www.anenhuette.ch\/fr\/wp-json\/wp\/v2\/types\/page"}],"author":[{"embeddable":true,"href":"https:\/\/www.anenhuette.ch\/fr\/wp-json\/wp\/v2\/users\/1"}],"replies":[{"embeddable":true,"href":"https:\/\/www.anenhuette.ch\/fr\/wp-json\/wp\/v2\/comments?post=981"}],"version-history":[{"count":5,"href":"https:\/\/www.anenhuette.ch\/fr\/wp-json\/wp\/v2\/pages\/981\/revisions"}],"predecessor-version":[{"id":1207,"href":"https:\/\/www.anenhuette.ch\/fr\/wp-json\/wp\/v2\/pages\/981\/revisions\/1207"}],"wp:attachment":[{"href":"https:\/\/www.anenhuette.ch\/fr\/wp-json\/wp\/v2\/media?parent=981"}],"curies":[{"name":"wp","href":"https:\/\/api.w.org\/{rel}","templated":true}]}}