{"id":987,"date":"2024-03-29T17:12:22","date_gmt":"2024-03-29T17:12:22","guid":{"rendered":"https:\/\/www.anenhuette.ch\/seminaires-evenements-evenements-prives\/"},"modified":"2025-04-14T17:10:02","modified_gmt":"2025-04-14T17:10:02","slug":"seminaires-evenements-evenements-prives","status":"publish","type":"page","link":"https:\/\/www.anenhuette.ch\/fr\/seminaires-evenements-evenements-prives\/","title":{"rendered":"S\u00e9minaires - \u00c9v\u00e9nements - \u00c9v\u00e9nements priv\u00e9s"},"content":{"rendered":"\n<div class=\"wp-block-uagb-container uagb-block-0dad47d6 alignfull uagb-is-root-container\"><div class=\"uagb-container-inner-blocks-wrap\">\n<div class=\"wp-block-uagb-container uagb-block-149b8abe alignfull uagb-is-root-container\"><div class=\"uagb-container-inner-blocks-wrap\">\n<div class=\"wp-block-uagb-container uagb-block-474e5564\">\n<div class=\"wp-block-uagb-container uagb-block-67d29a59\"><h1 class=\"wp-block-post-title\">S\u00e9minaires - \u00c9v\u00e9nements - \u00c9v\u00e9nements priv\u00e9s<\/h1>\n\n\n<p>Accompagnez votre \u00e9v\u00e9nement d'une activit\u00e9 en plein air. Nous nous ferons un plaisir de vous aider \u00e0 organiser votre s\u00e9jour selon vos attentes. Nous nous r\u00e9jouissons de votre demande sans engagement.  <br\/><strong>S'asseoir sur une pierre en pleine nature, \u00e9couter le silence et laisser ses pens\u00e9es suivre leur cours.......<\/strong><\/p>\n<\/div>\n\n\n\n<div class=\"wp-block-uagb-container uagb-block-9b6e5d9a\"><\/div>\n<\/div>\n\n\n\n<div class=\"wp-block-uagb-container uagb-block-b3c0cdab\">\n<div class=\"wp-block-uagb-container uagb-block-af5ec58a\"><\/div>\n\n\n\n<div class=\"wp-block-uagb-container uagb-block-4570f982\">\n<div class=\"wp-block-uagb-advanced-heading uagb-block-e07e8677\"><h2 class=\"uagb-heading-text\">S\u00e9minaires<\/h2><\/div>\n\n\n\n<p>Vous \u00eates une petite <strong>entreprise tr\u00e8s sp\u00e9ciale,<\/strong> ou vous dirigez un d\u00e9partement avec une \u00e9quipe forte, ou m\u00eame une grande entreprise importante.<br\/>Vous cherchez un endroit loin du quotidien, dans un environnement de montagne unique, <strong>l\u00e0 o\u00f9 les vraies valeurs comptent, <\/strong>alors l'Anenh\u00fctte offre l'environnement id\u00e9al pour votre entreprise.<\/p>\n<\/div>\n<\/div>\n\n\n\n<div class=\"wp-block-uagb-container uagb-block-dd0374fd\">\n<div class=\"wp-block-uagb-container uagb-block-44c25efe\">\n<div class=\"wp-block-uagb-advanced-heading uagb-block-fec5feeb\"><h2 class=\"uagb-heading-text\">F\u00eates d'anniversaire<\/h2><\/div>\n\n\n\n<p>Vous souhaitez inviter votre famille ou vos amis \u00e0 une belle f\u00eate d'anniversaire ou c\u00e9l\u00e9brer un jubil\u00e9 ? Nous sommes \u00e0 votre disposition au c\u0153ur du patrimoine mondial de l'UNESCO. <strong> <\/strong>Faites-nous part de vos souhaits. Nous nous ferons un plaisir de vous soumettre une proposition. <\/p>\n<\/div>\n\n\n\n<div class=\"wp-block-uagb-container uagb-block-0033132f\"><\/div>\n<\/div>\n\n\n\n<div class=\"wp-block-uagb-container uagb-block-6e36cc92\">\n<div class=\"wp-block-uagb-container uagb-block-a1b5fec7\"><\/div>\n\n\n\n<div class=\"wp-block-uagb-container uagb-block-b0d9a60b\">\n<div class=\"wp-block-uagb-advanced-heading uagb-block-3566a76d\"><h2 class=\"uagb-heading-text\">C\u00e9l\u00e9brations de mariage \/ Anniversaire de mariage<\/h2><\/div>\n\n\n\n<p>Unique.....inoubliable doit \u00eatre. Discutez avec nous de votre f\u00eate. Nous ferons tout pour que votre f\u00eate soit le plus beau jour de votre vie.<\/p>\n<\/div>\n<\/div>\n\n\n\n<div class=\"wp-block-uagb-container uagb-block-d76fd8a6\">\n<div class=\"wp-block-uagb-container uagb-block-7927ed6d\">\n<div class=\"wp-block-uagb-advanced-heading uagb-block-79ae0507\"><h2 class=\"uagb-heading-text\">Excursions d'entreprise - Exp\u00e9riences associatives - R\u00e9unions d'anciens \u00e9l\u00e8ves<\/h2><\/div>\n\n\n\n<p>Loin du quotidien, entre nous. Raconter avec enthousiasme .... manger parfaitement .... et savourer les meilleurs vins.<\/p>\n\n\n\n<p>L'Anenh\u00fctte - disponible exclusivement pour vous - max. 50 places pour la nuit <\/p>\n<\/div>\n\n\n\n<div class=\"wp-block-uagb-container uagb-block-8bba500e\"><\/div>\n<\/div>\n<\/div><\/div>\n<\/div><\/div>\n\n<div data-aos= \"fade-up\" data-aos-duration=\"400\" data-aos-delay=\"0\" data-aos-easing=\"ease\" data-aos-once=\"true\" class=\"wp-block-uagb-container uagb-block-38f7f59a alignfull uagb-is-root-container\"><div class=\"uagb-container-inner-blocks-wrap\">\n<div class=\"wp-block-uagb-container uagb-block-2e60cd5e\">\n<div class=\"wp-block-uagb-info-box uagb-block-3dac5d95 uagb-infobox__content-wrap  uagb-infobox-icon-above-title uagb-infobox-image-valign-top\"><div class=\"uagb-ifb-content\"><div class=\"uagb-ifb-icon-wrap\"><svg xmlns=\"https:\/\/www.w3.org\/2000\/svg\" viewbox=\"0 0 448 512\"><path d=\"M96 224C84.72 224 74.05 226.3 64 229.9V224c0-35.3 28.7-64 64-64c17.67 0 32-14.33 32-32S145.7 96 128 96C57.42 96 0 153.4 0 224v96c0 53.02 42.98 96 96 96s96-42.98 96-96S149 224 96 224zM352 224c-11.28 0-21.95 2.305-32 5.879V224c0-35.3 28.7-64 64-64c17.67 0 32-14.33 32-32s-14.33-32-32-32c-70.58 0-128 57.42-128 128v96c0 53.02 42.98 96 96 96s96-42.98 96-96S405 224 352 224z\"><\/path><\/svg><\/div><div class=\"uagb-ifb-title-wrap\"><\/div><p class=\"uagb-ifb-desc\">Un endroit divin pour manger et dormir. Un service impeccable. Nous y sommes all\u00e9s le 30\/09\/2022, seulement deux personnes y ont dormi et pourtant un service professionnel et amical. F\u00e9licitations \u00e0 toute l'\u00e9quipe.   <br\/><br\/>Daniel<\/p><\/div><\/div>\n<\/div>\n\n\n\n<div class=\"wp-block-uagb-container uagb-block-6efb3913\">\n<div class=\"wp-block-uagb-info-box uagb-block-46133c02 uagb-infobox__content-wrap  uagb-infobox-icon-above-title uagb-infobox-image-valign-top\"><div class=\"uagb-ifb-content\"><div class=\"uagb-ifb-icon-wrap\"><svg xmlns=\"https:\/\/www.w3.org\/2000\/svg\" viewbox=\"0 0 448 512\"><path d=\"M96 224C84.72 224 74.05 226.3 64 229.9V224c0-35.3 28.7-64 64-64c17.67 0 32-14.33 32-32S145.7 96 128 96C57.42 96 0 153.4 0 224v96c0 53.02 42.98 96 96 96s96-42.98 96-96S149 224 96 224zM352 224c-11.28 0-21.95 2.305-32 5.879V224c0-35.3 28.7-64 64-64c17.67 0 32-14.33 32-32s-14.33-32-32-32c-70.58 0-128 57.42-128 128v96c0 53.02 42.98 96 96 96s96-42.98 96-96S405 224 352 224z\"><\/path><\/svg><\/div><div class=\"uagb-ifb-title-wrap\"><\/div><p class=\"uagb-ifb-desc\">Personnel tr\u00e8s sympathique. D\u00eener d\u00e9licieux ! Chambre magnifique avec toilettes et douche priv\u00e9es. Le petit d\u00e9jeuner \u00e9tait \u00e9galement excellent ! Un s\u00e9jour inoubliable dans ce magnifique refuge.    <br\/><br\/>Christine<\/p><\/div><\/div>\n<\/div>\n\n\n\n<div class=\"wp-block-uagb-container uagb-block-16bd070c\">\n<div class=\"wp-block-uagb-info-box uagb-block-3bba660d uagb-infobox__content-wrap  uagb-infobox-icon-above-title uagb-infobox-image-valign-top\"><div class=\"uagb-ifb-content\"><div class=\"uagb-ifb-icon-wrap\"><svg xmlns=\"https:\/\/www.w3.org\/2000\/svg\" viewbox=\"0 0 448 512\"><path d=\"M96 224C84.72 224 74.05 226.3 64 229.9V224c0-35.3 28.7-64 64-64c17.67 0 32-14.33 32-32S145.7 96 128 96C57.42 96 0 153.4 0 224v96c0 53.02 42.98 96 96 96s96-42.98 96-96S149 224 96 224zM352 224c-11.28 0-21.95 2.305-32 5.879V224c0-35.3 28.7-64 64-64c17.67 0 32-14.33 32-32s-14.33-32-32-32c-70.58 0-128 57.42-128 128v96c0 53.02 42.98 96 96 96s96-42.98 96-96S405 224 352 224z\"><\/path><\/svg><\/div><div class=\"uagb-ifb-title-wrap\"><\/div><p class=\"uagb-ifb-desc\">Au fin fond du magique L\u00f6tschental<br\/>Randonn\u00e9e facile dans l'une des plus belles vall\u00e9es de Suisse. Au printemps, une \u00e9norme richesse florale, en automne, des couleurs d'automne d'une beaut\u00e9 in\u00e9gal\u00e9e. Avec un peu de chance, vous pourrez observer des chamois, des li\u00e8vres, des bouquetins et des marmottes.  <br\/><br\/>Ruth<\/p><\/div><\/div>\n<\/div>\n<\/div><\/div>\n\n<div class=\"wp-block-uagb-container uagb-block-ad0bc45d alignfull uagb-is-root-container\"><div class=\"uagb-container-inner-blocks-wrap\">\n<div data-aos= \"fade-up\" data-aos-duration=\"400\" data-aos-delay=\"0\" data-aos-easing=\"ease\" data-aos-once=\"true\" class=\"wp-block-uagb-advanced-heading uagb-block-da608a7f\"><div class=\"uagb-heading-text\">BUCHEN SIE JETZT<\/div><\/div>\n\n\n\n<div data-aos= \"fade-up\" data-aos-duration=\"400\" data-aos-delay=\"0\" data-aos-easing=\"ease\" data-aos-once=\"true\" class=\"wp-block-uagb-info-box uagb-block-080d2a5a uagb-infobox__content-wrap  uagb-infobox-icon-above-title uagb-infobox-image-valign-top\"><div class=\"uagb-ifb-content\"><div class=\"uagb-ifb-title-wrap\"><h2 class=\"uagb-ifb-title\">D\u00e9couvrez le L\u00f6tschental et l'Anenh\u00fctte - R\u00e9servez votre s\u00e9jour<\/h2><\/div><div class=\"uagb-ifb-button-wrapper wp-block-button\"><a href=\"https:\/\/www.anenhuette.ch\/fr\/passer-la-nuit\/\" class=\"uagb-infobox-cta-link wp-block-button__link\" target=\"_self\" rel=\"noopener noreferrer\" onclick=\"return true;\"><span class=\"uagb-inline-editing\">VIVEZ L'EXP\u00c9RIENCE<\/span><\/a><\/div><\/div><\/div>\n<\/div><\/div>\n\n<div class=\"wp-block-uagb-container uagb-block-e2d52c76 alignfull uagb-is-root-container\"><div class=\"uagb-container-inner-blocks-wrap\">\n<div class=\"wp-block-uagb-container uagb-block-c0f2790b alignfull uagb-is-root-container\"><div class=\"uagb-container-inner-blocks-wrap\">\n<div class=\"wp-block-uagb-container uagb-block-76b33520\">\n<div data-aos= \"fade-up\" data-aos-duration=\"400\" data-aos-delay=\"0\" data-aos-easing=\"ease\" data-aos-once=\"true\" class=\"wp-block-uagb-container uagb-block-8a7d63c7\">\n<div class=\"wp-block-uagb-advanced-heading uagb-block-a3ad2a0f\"><h2 class=\"uagb-heading-text\">\u00c9quipe - \u00c0 propos de nous<\/h2><\/div>\n\n\n\n<p>Notre \u00e9quipe s'occupe de chaque client et de chaque occasion avec une attention personnalis\u00e9e.<\/p>\n\n\n\n<div class=\"wp-block-uagb-buttons uagb-buttons__outer-wrap uagb-btn__default-btn uagb-btn-tablet__default-btn uagb-btn-mobile__default-btn uagb-block-2bc16717\"><div class=\"uagb-buttons__wrap uagb-buttons-layout-wrap\">\n<div class=\"wp-block-uagb-buttons-child uagb-buttons__outer-wrap uagb-block-3bf91104 wp-block-button\"><div class=\"uagb-button__wrapper\"><a class=\"uagb-buttons-repeater wp-block-button__link\" aria-label=\"\" href=\"https:\/\/www.anenhuette.ch\/fr\/a-propos-de-nous\/\" rel=\"follow noopener\" target=\"_self\"><div class=\"uagb-button__link\">\u00c0 propos de nous<\/div><\/a><\/div><\/div>\n<\/div><\/div>\n<\/div>\n\n\n\n<div data-aos= \"fade-up\" data-aos-duration=\"400\" data-aos-delay=\"0\" data-aos-easing=\"ease\" data-aos-once=\"true\" class=\"wp-block-uagb-container uagb-block-ae2b2423\"><\/div>\n<\/div>\n<\/div><\/div>\n<\/div><\/div>\n","protected":false},"excerpt":{"rendered":"<p>Accompagnez votre \u00e9v\u00e9nement d'une activit\u00e9 en plein air. Nous nous ferons un plaisir de vous aider \u00e0 organiser votre s\u00e9jour selon vos attentes. Nous nous r\u00e9jouissons de votre demande sans engagement. S'asseoir sur une pierre en pleine nature, \u00e9couter le silence et laisser ses pens\u00e9es suivre leur cours....... S\u00e9minaires Vous \u00eates une petite entreprise tr\u00e8s [&hellip;]<\/p>\n","protected":false},"author":1,"featured_media":0,"parent":0,"menu_order":0,"comment_status":"closed","ping_status":"closed","template":"","meta":{"inline_featured_image":false,"_uag_custom_page_level_css":"","slim_seo":{"title":"S\u00e9minaires - \u00c9v\u00e9nements - \u00c9v\u00e9nements priv\u00e9s. Anenh\u00fctte L\u00f6tschental","description":"Organisez chez nous des s\u00e9minaires ou des \u00e9v\u00e9nements d'entreprise, c\u00e9l\u00e9brez des anniversaires, des mariages, des \u00e9v\u00e9nements associatifs ou des r\u00e9unions d'anciens \u00e9l\u00e8ves. Max. 50 places pour la nuit."},"footnotes":""},"class_list":["post-987","page","type-page","status-publish","hentry"],"uagb_featured_image_src":{"full":false,"thumbnail":false,"medium":false,"medium_large":false,"large":false,"1536x1536":false,"2048x2048":false,"ultp_layout_landscape_large":false,"ultp_layout_landscape":false,"ultp_layout_portrait":false,"ultp_layout_square":false},"uagb_author_info":{"display_name":"admin","author_link":"https:\/\/www.anenhuette.ch\/fr\/author\/adminischanhu\/"},"uagb_comment_info":0,"uagb_excerpt":"Accompagnez votre \u00e9v\u00e9nement d'une activit\u00e9 en plein air. Nous nous ferons un plaisir de vous aider \u00e0 organiser votre s\u00e9jour selon vos attentes. Nous nous r\u00e9jouissons de votre demande sans engagement. S'asseoir sur une pierre en pleine nature, \u00e9couter le silence et laisser ses pens\u00e9es suivre leur cours....... S\u00e9minaires Vous \u00eates une petite entreprise tr\u00e8s\u2026","_links":{"self":[{"href":"https:\/\/www.anenhuette.ch\/fr\/wp-json\/wp\/v2\/pages\/987","targetHints":{"allow":["GET"]}}],"collection":[{"href":"https:\/\/www.anenhuette.ch\/fr\/wp-json\/wp\/v2\/pages"}],"about":[{"href":"https:\/\/www.anenhuette.ch\/fr\/wp-json\/wp\/v2\/types\/page"}],"author":[{"embeddable":true,"href":"https:\/\/www.anenhuette.ch\/fr\/wp-json\/wp\/v2\/users\/1"}],"replies":[{"embeddable":true,"href":"https:\/\/www.anenhuette.ch\/fr\/wp-json\/wp\/v2\/comments?post=987"}],"version-history":[{"count":1,"href":"https:\/\/www.anenhuette.ch\/fr\/wp-json\/wp\/v2\/pages\/987\/revisions"}],"predecessor-version":[{"id":989,"href":"https:\/\/www.anenhuette.ch\/fr\/wp-json\/wp\/v2\/pages\/987\/revisions\/989"}],"wp:attachment":[{"href":"https:\/\/www.anenhuette.ch\/fr\/wp-json\/wp\/v2\/media?parent=987"}],"curies":[{"name":"wp","href":"https:\/\/api.w.org\/{rel}","templated":true}]}}