{"id":990,"date":"2024-04-03T13:33:31","date_gmt":"2024-04-03T13:33:31","guid":{"rendered":"https:\/\/www.anenhuette.ch\/blog-emplois\/"},"modified":"2025-04-14T17:48:48","modified_gmt":"2025-04-14T17:48:48","slug":"blog-emplois","status":"publish","type":"page","link":"https:\/\/www.anenhuette.ch\/fr\/blog-emplois\/","title":{"rendered":"Blog \/ Emplois"},"content":{"rendered":"\n<div class=\"wp-block-uagb-container uagb-block-0dad47d6 alignfull uagb-is-root-container\"><div class=\"uagb-container-inner-blocks-wrap\">\n<div class=\"wp-block-uagb-container uagb-block-37519443\"><h1 style=\"padding-top:0;padding-bottom:0;padding-left:0;padding-right:0;margin-top:0;margin-bottom:0;margin-left:0;margin-right:0;\" class=\"has-text-align-center wp-block-post-title\">Blog \/ Emplois<\/h1><\/div>\n\n\n<div  class=\"ultp-post-grid-block wp-block-ultimate-post-post-grid-1 ultp-block-f4fa0f\"><div class=\"ultp-block-wrapper\"><div class=\"ultp-loading\"><div class=\"ultp-loading-blocks\" style=\"width:100%;height:100%;\"><div style=\"left: 0;top: 0;animation-delay:0s;\"><\/div><div style=\"left: 21px;top: 0;animation-delay:0.125s;\"><\/div><div style=\"left: 42px;top: 0;animation-delay:0.25s;\"><\/div><div style=\"left: 0;top: 21px;animation-delay:0.875s;\"><\/div><div style=\"left: 42px;top: 21px;animation-delay:0.375s;\"><\/div><div style=\"left: 0;top: 42px;animation-delay:0.75s;\"><\/div><div style=\"left: 42px;top: 42px;animation-delay:0.625s;\"><\/div><div style=\"left: 21px;top: 42px;animation-delay:0.5s;\"><\/div><\/div><\/div><div class=\"ultp-heading-filter\"><div class=\"ultp-heading-filter-in\"><div class=\"ultp-filter-navigation\"><div class=\"ultp-filter-wrap\" data-taxtype=category data-blockid=\"f4fa0f\" data-blockname=\"ultimate-post_post-grid-1\" data-postid=\"990\"data-selfpostid=\"yes\"><ul class=\"ultp-flex-menu\" data-name=\"Plus\"><li class=\"filter-item\"><a class=\"filter-active\" data-taxonomy=\"\" href=\"#\">Tous<\/a><\/li><li class=\"filter-item\"><a data-taxonomy=\"blog-fr\" href=\"#\">Blog<\/a><\/li><li class=\"filter-item\"><a data-taxonomy=\"emplois\" href=\"#\">Emplois<\/a><\/li><\/ul><\/div><\/div><\/div><\/div><div class=\"ultp-block-items-wrap ultp-block-row ultp-pg1a-style1 ultp-grid1-responsive ultp-block-column-3 ultp-sm-column-2 ultp-xs-column-1 ultp-layout1\"><div class=\"ultp-block-item post-id-1090\"><div class=\"ultp-block-content-wrap\"><div class=\"ultp-block-image ultp-block-image-opacity\"><a href=\"https:\/\/www.anenhuette.ch\/fr\/cheques-cadeaux\/\" ><img decoding=\"async\"  class=\"ultp-block-image-content\"  alt=\"Ch\u00e8ques-cadeaux\"  src=\"https:\/\/www.anenhuette.ch\/wp-content\/uploads\/2024\/04\/gutschein-anenhuette-loetschental-870x570.webp\" \/><\/a><\/div><div class=\"ultp-block-content\"><h3 class=\"ultp-block-title \"><a href=\"https:\/\/www.anenhuette.ch\/fr\/cheques-cadeaux\/\" >Ch\u00e8ques-cadeaux<\/a><\/h3><div class=\"ultp-block-excerpt\"><p>Les cadeaux uniques font plaisir. Qu'il s'agisse d'une visite du\u2026<\/p>\n<\/div><div class=\"ultp-block-readmore\"><a aria-label=\"Ch\u00e8ques-cadeaux\" href=\"https:\/\/www.anenhuette.ch\/fr\/cheques-cadeaux\/\" >Lire la suite<\/a><\/div><\/div><\/div><\/div><div class=\"ultp-block-item post-id-937\"><div class=\"ultp-block-content-wrap\"><div class=\"ultp-block-image ultp-block-image-opacity\"><a href=\"https:\/\/www.anenhuette.ch\/fr\/guide-descalade\/\" ><img decoding=\"async\"  class=\"ultp-block-image-content\"  alt=\"Guide d&#039;escalade\"  src=\"https:\/\/www.anenhuette.ch\/wp-content\/uploads\/2024\/04\/kleggerfuehrer-anenhuette-steinbock-870x570.webp\" \/><\/a><\/div><div class=\"ultp-block-content\"><h3 class=\"ultp-block-title \"><a href=\"https:\/\/www.anenhuette.ch\/fr\/guide-descalade\/\" >Guide d&#039;escalade<\/a><\/h3><div class=\"ultp-block-excerpt\"><p>D\u00e8s \u00e0 pr\u00e9sent, nous disposons d'un nouveau guide d'escalade pour\u2026<\/p>\n<\/div><div class=\"ultp-block-readmore\"><a aria-label=\"Guide d&#039;escalade\" href=\"https:\/\/www.anenhuette.ch\/fr\/guide-descalade\/\" >Lire la suite<\/a><\/div><\/div><\/div><\/div><div class=\"ultp-block-item post-id-1078\"><div class=\"ultp-block-content-wrap\"><div class=\"ultp-block-image ultp-block-image-opacity\"><a href=\"https:\/\/www.anenhuette.ch\/fr\/refuge-de-montagne-le-plus-exclusif-video\/\" ><img decoding=\"async\"  class=\"ultp-block-image-content\"  alt=\"Refuge de montagne le plus exclusif, vid\u00e9o\"  src=\"https:\/\/www.anenhuette.ch\/wp-content\/uploads\/2024\/04\/exklusive-huette-anenhuette-01-870x570.webp\" \/><\/a><\/div><div class=\"ultp-block-content\"><h3 class=\"ultp-block-title \"><a href=\"https:\/\/www.anenhuette.ch\/fr\/refuge-de-montagne-le-plus-exclusif-video\/\" >Refuge de montagne le plus exclusif, vid\u00e9o<\/a><\/h3><div class=\"ultp-block-excerpt\"><p>En ao\u00fbt 2009, le magazine \"Schweizer Illustrierte\" a consacr\u00e9 6\u2026<\/p>\n<\/div><div class=\"ultp-block-readmore\"><a aria-label=\"Refuge de montagne le plus exclusif, vid\u00e9o\" href=\"https:\/\/www.anenhuette.ch\/fr\/refuge-de-montagne-le-plus-exclusif-video\/\" >Lire la suite<\/a><\/div><\/div><\/div><\/div><div class=\"ultp-block-item post-id-936\"><div class=\"ultp-block-content-wrap\"><div class=\"ultp-block-image ultp-block-image-opacity\"><a href=\"https:\/\/www.anenhuette.ch\/fr\/webcam\/\" ><img decoding=\"async\"  class=\"ultp-block-image-content\"  alt=\"Webcam\"  src=\"https:\/\/www.anenhuette.ch\/wp-content\/uploads\/2024\/04\/webcam-fafleralp-870x570.webp\" \/><\/a><\/div><div class=\"ultp-block-content\"><h3 class=\"ultp-block-title \"><a href=\"https:\/\/www.anenhuette.ch\/fr\/webcam\/\" >Webcam<\/a><\/h3><div class=\"ultp-block-excerpt\"><p>Fafleralp Blatten<\/p>\n<\/div><div class=\"ultp-block-readmore\"><a aria-label=\"Webcam\" href=\"https:\/\/www.anenhuette.ch\/fr\/webcam\/\" >Lire la suite<\/a><\/div><\/div><\/div><\/div><div class=\"ultp-block-item post-id-1088\"><div class=\"ultp-block-content-wrap\"><div class=\"ultp-block-image ultp-block-image-opacity\"><a href=\"https:\/\/www.anenhuette.ch\/fr\/travailler-dans-un-refuge-de-montagne\/\" ><img decoding=\"async\"  class=\"ultp-block-image-content\"  alt=\"Travailler dans un refuge de montagne\"  src=\"https:\/\/www.anenhuette.ch\/wp-content\/uploads\/2024\/04\/team-anenhuette-rucksack-870x570.webp\" \/><\/a><\/div><div class=\"ultp-block-content\"><h3 class=\"ultp-block-title \"><a href=\"https:\/\/www.anenhuette.ch\/fr\/travailler-dans-un-refuge-de-montagne\/\" >Travailler dans un refuge de montagne<\/a><\/h3><div class=\"ultp-block-excerpt\"><p>est un r\u00eave pour beaucoup. Mais il faut savoir que\u2026<\/p>\n<\/div><div class=\"ultp-block-readmore\"><a aria-label=\"Travailler dans un refuge de montagne\" href=\"https:\/\/www.anenhuette.ch\/fr\/travailler-dans-un-refuge-de-montagne\/\" >Lire la suite<\/a><\/div><\/div><\/div><\/div><div class=\"ultp-block-item post-id-1080\"><div class=\"ultp-block-content-wrap\"><div class=\"ultp-block-image ultp-block-image-opacity\"><a href=\"https:\/\/www.anenhuette.ch\/fr\/stagiaires-en-cabane\/\" ><img decoding=\"async\"  class=\"ultp-block-image-content\"  alt=\"Stagiaires en cabane\"  src=\"https:\/\/www.anenhuette.ch\/wp-content\/uploads\/2024\/04\/team-anenhuette-870x570.webp\" \/><\/a><\/div><div class=\"ultp-block-content\"><h3 class=\"ultp-block-title \"><a href=\"https:\/\/www.anenhuette.ch\/fr\/stagiaires-en-cabane\/\" >Stagiaires en cabane<\/a><\/h3><div class=\"ultp-block-excerpt\"><p>Saison 2024 : mi-juin \u00e0 mi-octobre Dur\u00e9e : 2 semaines\u2026<\/p>\n<\/div><div class=\"ultp-block-readmore\"><a aria-label=\"Stagiaires en cabane\" href=\"https:\/\/www.anenhuette.ch\/fr\/stagiaires-en-cabane\/\" >Lire la suite<\/a><\/div><\/div><\/div><\/div><div class=\"ultp-block-item post-id-1069\"><div class=\"ultp-block-content-wrap\"><div class=\"ultp-block-image ultp-block-image-opacity\"><a href=\"https:\/\/www.anenhuette.ch\/fr\/semaine-dinstallation\/\" ><img decoding=\"async\"  class=\"ultp-block-image-content\"  alt=\"Semaine d&#039;installation\"  src=\"https:\/\/www.anenhuette.ch\/wp-content\/uploads\/2024\/04\/anpacker-anenhuette-01-870x570.webp\" \/><\/a><\/div><div class=\"ultp-block-content\"><h3 class=\"ultp-block-title \"><a href=\"https:\/\/www.anenhuette.ch\/fr\/semaine-dinstallation\/\" >Semaine d&#039;installation<\/a><\/h3><div class=\"ultp-block-excerpt\"><p>Pr\u00e9vu pour mi-juin Il est impossible pour un gardien de\u2026<\/p>\n<\/div><div class=\"ultp-block-readmore\"><a aria-label=\"Semaine d&#039;installation\" href=\"https:\/\/www.anenhuette.ch\/fr\/semaine-dinstallation\/\" >Lire la suite<\/a><\/div><\/div><\/div><\/div><\/div><\/div><div class=\"pagination-block-html\" aria-hidden=\"true\" style=\"display: none;\"><\/div><\/div><\/div><\/div>\n\n\n\n<div data-aos= \"fade-up\" data-aos-duration=\"400\" data-aos-delay=\"0\" data-aos-easing=\"ease\" data-aos-once=\"true\" class=\"wp-block-uagb-container uagb-block-38f7f59a alignfull uagb-is-root-container\"><div class=\"uagb-container-inner-blocks-wrap\">\n<div class=\"wp-block-uagb-container uagb-block-2e60cd5e\">\n<div class=\"wp-block-uagb-info-box uagb-block-3dac5d95 uagb-infobox__content-wrap  uagb-infobox-icon-above-title uagb-infobox-image-valign-top\"><div class=\"uagb-ifb-content\"><div class=\"uagb-ifb-icon-wrap\"><svg xmlns=\"https:\/\/www.w3.org\/2000\/svg\" viewbox=\"0 0 448 512\"><path d=\"M96 224C84.72 224 74.05 226.3 64 229.9V224c0-35.3 28.7-64 64-64c17.67 0 32-14.33 32-32S145.7 96 128 96C57.42 96 0 153.4 0 224v96c0 53.02 42.98 96 96 96s96-42.98 96-96S149 224 96 224zM352 224c-11.28 0-21.95 2.305-32 5.879V224c0-35.3 28.7-64 64-64c17.67 0 32-14.33 32-32s-14.33-32-32-32c-70.58 0-128 57.42-128 128v96c0 53.02 42.98 96 96 96s96-42.98 96-96S405 224 352 224z\"><\/path><\/svg><\/div><div class=\"uagb-ifb-title-wrap\"><\/div><p class=\"uagb-ifb-desc\">Un endroit divin pour manger et dormir. Un service impeccable. Nous y sommes all\u00e9s le 30\/09\/2022, seulement deux personnes y ont dormi et pourtant un service professionnel et amical. F\u00e9licitations \u00e0 toute l'\u00e9quipe.   <br\/><br\/>Daniel<\/p><\/div><\/div>\n<\/div>\n\n\n\n<div class=\"wp-block-uagb-container uagb-block-6efb3913\">\n<div class=\"wp-block-uagb-info-box uagb-block-46133c02 uagb-infobox__content-wrap  uagb-infobox-icon-above-title uagb-infobox-image-valign-top\"><div class=\"uagb-ifb-content\"><div class=\"uagb-ifb-icon-wrap\"><svg xmlns=\"https:\/\/www.w3.org\/2000\/svg\" viewbox=\"0 0 448 512\"><path d=\"M96 224C84.72 224 74.05 226.3 64 229.9V224c0-35.3 28.7-64 64-64c17.67 0 32-14.33 32-32S145.7 96 128 96C57.42 96 0 153.4 0 224v96c0 53.02 42.98 96 96 96s96-42.98 96-96S149 224 96 224zM352 224c-11.28 0-21.95 2.305-32 5.879V224c0-35.3 28.7-64 64-64c17.67 0 32-14.33 32-32s-14.33-32-32-32c-70.58 0-128 57.42-128 128v96c0 53.02 42.98 96 96 96s96-42.98 96-96S405 224 352 224z\"><\/path><\/svg><\/div><div class=\"uagb-ifb-title-wrap\"><\/div><p class=\"uagb-ifb-desc\">Personnel tr\u00e8s sympathique. D\u00eener d\u00e9licieux ! Chambre magnifique avec toilettes et douche priv\u00e9es. Le petit d\u00e9jeuner \u00e9tait \u00e9galement excellent ! Un s\u00e9jour inoubliable dans ce magnifique refuge.    <br\/><br\/>Christine<\/p><\/div><\/div>\n<\/div>\n\n\n\n<div class=\"wp-block-uagb-container uagb-block-16bd070c\">\n<div class=\"wp-block-uagb-info-box uagb-block-3bba660d uagb-infobox__content-wrap  uagb-infobox-icon-above-title uagb-infobox-image-valign-top\"><div class=\"uagb-ifb-content\"><div class=\"uagb-ifb-icon-wrap\"><svg xmlns=\"https:\/\/www.w3.org\/2000\/svg\" viewbox=\"0 0 448 512\"><path d=\"M96 224C84.72 224 74.05 226.3 64 229.9V224c0-35.3 28.7-64 64-64c17.67 0 32-14.33 32-32S145.7 96 128 96C57.42 96 0 153.4 0 224v96c0 53.02 42.98 96 96 96s96-42.98 96-96S149 224 96 224zM352 224c-11.28 0-21.95 2.305-32 5.879V224c0-35.3 28.7-64 64-64c17.67 0 32-14.33 32-32s-14.33-32-32-32c-70.58 0-128 57.42-128 128v96c0 53.02 42.98 96 96 96s96-42.98 96-96S405 224 352 224z\"><\/path><\/svg><\/div><div class=\"uagb-ifb-title-wrap\"><\/div><p class=\"uagb-ifb-desc\">Au fin fond du magique L\u00f6tschental<br\/>Randonn\u00e9e facile dans l'une des plus belles vall\u00e9es de Suisse. Au printemps, une \u00e9norme richesse florale, en automne, des couleurs d'automne d'une beaut\u00e9 in\u00e9gal\u00e9e. Avec un peu de chance, vous pourrez observer des chamois, des li\u00e8vres, des bouquetins et des marmottes.  <br\/><br\/>Ruth<\/p><\/div><\/div>\n<\/div>\n<\/div><\/div>\n\n\n\n<div class=\"wp-block-uagb-container uagb-block-ad0bc45d alignfull uagb-is-root-container\"><div class=\"uagb-container-inner-blocks-wrap\">\n<div data-aos= \"fade-up\" data-aos-duration=\"400\" data-aos-delay=\"0\" data-aos-easing=\"ease\" data-aos-once=\"true\" class=\"wp-block-uagb-advanced-heading uagb-block-da608a7f\"><div class=\"uagb-heading-text\">BUCHEN SIE JETZT<\/div><\/div>\n\n\n\n<div data-aos= \"fade-up\" data-aos-duration=\"400\" data-aos-delay=\"0\" data-aos-easing=\"ease\" data-aos-once=\"true\" class=\"wp-block-uagb-info-box uagb-block-080d2a5a uagb-infobox__content-wrap  uagb-infobox-icon-above-title uagb-infobox-image-valign-top\"><div class=\"uagb-ifb-content\"><div class=\"uagb-ifb-title-wrap\"><h2 class=\"uagb-ifb-title\">D\u00e9couvrez le L\u00f6tschental et l'Anenh\u00fctte - R\u00e9servez votre s\u00e9jour<\/h2><\/div><div class=\"uagb-ifb-button-wrapper wp-block-button\"><a href=\"https:\/\/www.anenhuette.ch\/fr\/passer-la-nuit\/\" class=\"uagb-infobox-cta-link wp-block-button__link\" target=\"_self\" rel=\"noopener noreferrer\" onclick=\"return true;\"><span class=\"uagb-inline-editing\">VIVEZ L'EXP\u00c9RIENCE<\/span><\/a><\/div><\/div><\/div>\n<\/div><\/div>\n\n\n\n<div class=\"wp-block-uagb-container uagb-block-e2d52c76 alignfull uagb-is-root-container\"><div class=\"uagb-container-inner-blocks-wrap\">\n<div class=\"wp-block-uagb-container uagb-block-c0f2790b alignfull uagb-is-root-container\"><div class=\"uagb-container-inner-blocks-wrap\">\n<div class=\"wp-block-uagb-container uagb-block-76b33520\">\n<div data-aos= \"fade-up\" data-aos-duration=\"400\" data-aos-delay=\"0\" data-aos-easing=\"ease\" data-aos-once=\"true\" class=\"wp-block-uagb-container uagb-block-8a7d63c7\">\n<div class=\"wp-block-uagb-advanced-heading uagb-block-a3ad2a0f\"><h2 class=\"uagb-heading-text\">\u00c9quipe - \u00c0 propos de nous<\/h2><\/div>\n\n\n\n<p>Notre \u00e9quipe s'occupe de chaque client et de chaque occasion avec une attention personnalis\u00e9e.<\/p>\n\n\n\n<div class=\"wp-block-uagb-buttons uagb-buttons__outer-wrap uagb-btn__default-btn uagb-btn-tablet__default-btn uagb-btn-mobile__default-btn uagb-block-2bc16717\"><div class=\"uagb-buttons__wrap uagb-buttons-layout-wrap\">\n<div class=\"wp-block-uagb-buttons-child uagb-buttons__outer-wrap uagb-block-3bf91104 wp-block-button\"><div class=\"uagb-button__wrapper\"><a class=\"uagb-buttons-repeater wp-block-button__link\" aria-label=\"\" href=\"https:\/\/www.anenhuette.ch\/fr\/a-propos-de-nous\/\" rel=\"follow noopener\" target=\"_self\"><div class=\"uagb-button__link\">\u00c0 propos de nous<\/div><\/a><\/div><\/div>\n<\/div><\/div>\n<\/div>\n\n\n\n<div data-aos= \"fade-up\" data-aos-duration=\"400\" data-aos-delay=\"0\" data-aos-easing=\"ease\" data-aos-once=\"true\" class=\"wp-block-uagb-container uagb-block-ae2b2423\"><\/div>\n<\/div>\n<\/div><\/div>\n<\/div><\/div>\n","protected":false},"excerpt":{"rendered":"","protected":false},"author":1,"featured_media":0,"parent":0,"menu_order":0,"comment_status":"closed","ping_status":"closed","template":"","meta":{"inline_featured_image":false,"_uag_custom_page_level_css":"","slim_seo":{"title":"Actualit\u00e9s et emplois de l'Anenh\u00fctte L\u00f6tschental","description":"D\u00e9couvrez nos coupons, le guide d'escalade, des vid\u00e9os ou informez-vous sur les offres d'emploi du refuge."},"footnotes":""},"class_list":["post-990","page","type-page","status-publish","hentry"],"uagb_featured_image_src":{"full":false,"thumbnail":false,"medium":false,"medium_large":false,"large":false,"1536x1536":false,"2048x2048":false,"ultp_layout_landscape_large":false,"ultp_layout_landscape":false,"ultp_layout_portrait":false,"ultp_layout_square":false},"uagb_author_info":{"display_name":"admin","author_link":"https:\/\/www.anenhuette.ch\/fr\/author\/adminischanhu\/"},"uagb_comment_info":0,"uagb_excerpt":null,"_links":{"self":[{"href":"https:\/\/www.anenhuette.ch\/fr\/wp-json\/wp\/v2\/pages\/990","targetHints":{"allow":["GET"]}}],"collection":[{"href":"https:\/\/www.anenhuette.ch\/fr\/wp-json\/wp\/v2\/pages"}],"about":[{"href":"https:\/\/www.anenhuette.ch\/fr\/wp-json\/wp\/v2\/types\/page"}],"author":[{"embeddable":true,"href":"https:\/\/www.anenhuette.ch\/fr\/wp-json\/wp\/v2\/users\/1"}],"replies":[{"embeddable":true,"href":"https:\/\/www.anenhuette.ch\/fr\/wp-json\/wp\/v2\/comments?post=990"}],"version-history":[{"count":5,"href":"https:\/\/www.anenhuette.ch\/fr\/wp-json\/wp\/v2\/pages\/990\/revisions"}],"predecessor-version":[{"id":1164,"href":"https:\/\/www.anenhuette.ch\/fr\/wp-json\/wp\/v2\/pages\/990\/revisions\/1164"}],"wp:attachment":[{"href":"https:\/\/www.anenhuette.ch\/fr\/wp-json\/wp\/v2\/media?parent=990"}],"curies":[{"name":"wp","href":"https:\/\/api.w.org\/{rel}","templated":true}]}}