{"id":994,"date":"2025-04-14T12:24:17","date_gmt":"2025-04-14T12:24:17","guid":{"rendered":"https:\/\/www.anenhuette.ch\/mentions-legales\/"},"modified":"2025-04-14T17:08:23","modified_gmt":"2025-04-14T17:08:23","slug":"mentions-legales","status":"publish","type":"page","link":"https:\/\/www.anenhuette.ch\/fr\/mentions-legales\/","title":{"rendered":"Mentions l\u00e9gales"},"content":{"rendered":"\n<div class=\"wp-block-uagb-container uagb-block-0dad47d6 alignfull uagb-is-root-container\"><div class=\"uagb-container-inner-blocks-wrap\">\n<div class=\"wp-block-uagb-container uagb-block-149b8abe alignfull uagb-is-root-container\"><div class=\"uagb-container-inner-blocks-wrap\">\n<div class=\"wp-block-uagb-container uagb-block-474e5564\">\n<div class=\"wp-block-uagb-container uagb-block-67d29a59\"><h1 class=\"wp-block-post-title\">Mentions l\u00e9gales<\/h1>\n\n\n<p><strong>Instance responsable :<\/strong><br\/>Peter Tscherrig Anenh\u00fctte L\u00f6tschental GmbH<br\/>Chutzenstrasse 65<br\/>3047 Bremgarten b. Bern<br\/>Suisse<br\/><strong>E-mail<\/strong>: <a href=\"mailto:info@anenhuette.ch\">info@anenhuette.ch<\/a><\/p>\n\n\n\n<p><strong>Personnes habilit\u00e9es \u00e0 repr\u00e9senter l'<\/strong>entreprise<br\/>Dr. Prisca Liselotte Sch\u00e4ppi Tscherrig,<br\/>Peter Tscherrig<\/p>\n\n\n\n<p><strong>Nom de l'entreprise<\/strong>: Peter Tscherrig Anenh\u00fctte L\u00f6tschental GmbH<br\/><strong>Num\u00e9ro d'enregistrement<\/strong>: CHE-115.399.208<br\/><strong>Num\u00e9ro d'identification de la taxe sur la valeur ajout\u00e9e<\/strong>: CHE-115.399.208 TVA<\/p>\n\n\n\n<p><strong>Clause de non-responsabilit\u00e9<\/strong><br\/>L'auteur ne garantit pas la v\u00e9racit\u00e9, l'exactitude, l'actualit\u00e9, la fiabilit\u00e9 et l'exhaustivit\u00e9 des informations.<br\/>L'auteur ne saurait \u00eatre tenu responsable des dommages mat\u00e9riels ou immat\u00e9riels qui pourraient \u00eatre caus\u00e9s par l'acc\u00e8s aux informations diffus\u00e9es ou par leur utilisation ou non-utilisation, par le mauvais usage de la connexion ou par des probl\u00e8mes techniques.<\/p>\n\n\n\n<p>Toutes les offres sont sans engagement. L'auteur se r\u00e9serve express\u00e9ment le droit de modifier, de compl\u00e9ter ou de supprimer des parties de pages ou l'ensemble de l'offre sans avis pr\u00e9alable, ou d'en suspendre temporairement ou d\u00e9finitivement la publication. <\/p>\n\n\n\n<p><strong>Clause de non-responsabilit\u00e9 pour les contenus et les liens<\/strong><br\/>Les r\u00e9f\u00e9rences et les liens vers des sites Web de tiers ne rel\u00e8vent pas de notre responsabilit\u00e9. Nous d\u00e9clinons toute responsabilit\u00e9 pour de tels sites web. L'acc\u00e8s \u00e0 ces sites et leur utilisation se font aux risques et p\u00e9rils de l'utilisateur.  <\/p>\n\n\n\n<p><strong>D\u00e9claration de droits d'auteur<\/strong><br\/>Les droits d'auteur et tous les autres droits li\u00e9s aux contenus, images, photos ou autres fichiers pr\u00e9sents sur ce site Internet sont la propri\u00e9t\u00e9 exclusive de Peter Tscherrig Anenh\u00fctte L\u00f6tschental GmbH ou des d\u00e9tenteurs de droits sp\u00e9cialement cit\u00e9s. L'autorisation \u00e9crite du d\u00e9tenteur des droits d'auteur doit \u00eatre obtenue au pr\u00e9alable pour la reproduction de tout \u00e9l\u00e9ment. <\/p>\n\n\n\n<p><strong>Source<\/strong>: <a href=\"https:\/\/brainbox.swiss\/\">BrainBox Solutions<\/a><\/p>\n\n\n\n<p><strong>Contenu, texte &amp; photos<\/strong><br\/><strong>Mise \u00e0 jour et gestion du site<\/strong><br\/>Christian Josef et Melanie Tscherrig<br\/><a href=\"mailto:info@anenhuette.ch\">info@anenhuette.ch<\/a><\/p>\n\n\n\n<p><strong>Photos<br\/><\/strong>Nous devons ces photos enrichissantes \u00e0 des particuliers, des photographes amateurs, des photographes professionnels, en particulier \u00e0 l'artiste de la lumi\u00e8re David Bumann.<\/p>\n\n\n\n<p><strong>Technique Web &amp; Multim\u00e9dia<br\/><\/strong>Alexander Walter<strong><br\/><\/strong>www.augensaft.com <a target=\"_blank\" href=\"http:\/\/www.augensaft.com\/\" rel=\"noreferrer noopener\"><br\/><\/a><br\/> Nous acceptons volontiers les suggestions positives et les propositions d'am\u00e9lioration de nos h\u00f4tes et des visiteurs de notre site web. N'h\u00e9sitez pas \u00e0 nous envoyer un e-mail.<br\/>Merci beaucoup pour vos commentaires. <\/p>\n<\/div>\n<\/div>\n<\/div><\/div>\n<\/div><\/div>\n","protected":false},"excerpt":{"rendered":"<p>Instance responsable :Peter Tscherrig Anenh\u00fctte L\u00f6tschental GmbHChutzenstrasse 653047 Bremgarten b. BernSuisseE-mail: info@anenhuette.ch Personnes habilit\u00e9es \u00e0 repr\u00e9senter l'entrepriseDr. Prisca Liselotte Sch\u00e4ppi Tscherrig,Peter Tscherrig Nom de l'entreprise: Peter Tscherrig Anenh\u00fctte L\u00f6tschental GmbHNum\u00e9ro d'enregistrement: CHE-115.399.208Num\u00e9ro d'identification de la taxe sur la valeur ajout\u00e9e: CHE-115.399.208 TVA Clause de non-responsabilit\u00e9L'auteur ne garantit pas la v\u00e9racit\u00e9, l'exactitude, l'actualit\u00e9, la fiabilit\u00e9 et [&hellip;]<\/p>\n","protected":false},"author":1,"featured_media":0,"parent":0,"menu_order":0,"comment_status":"closed","ping_status":"closed","template":"","meta":{"inline_featured_image":false,"_uag_custom_page_level_css":"","slim_seo":{"title":"Mentions l\u00e9gales de l'Anenh\u00fctte L\u00f6tschental","description":"En savoir plus sur l'instance responsable, les personnes autoris\u00e9es \u00e0 repr\u00e9senter l'entreprise, le nom de l'entreprise, la clause de non-responsabilit\u00e9, etc."},"footnotes":""},"class_list":["post-994","page","type-page","status-publish","hentry"],"uagb_featured_image_src":{"full":false,"thumbnail":false,"medium":false,"medium_large":false,"large":false,"1536x1536":false,"2048x2048":false,"ultp_layout_landscape_large":false,"ultp_layout_landscape":false,"ultp_layout_portrait":false,"ultp_layout_square":false},"uagb_author_info":{"display_name":"admin","author_link":"https:\/\/www.anenhuette.ch\/fr\/author\/adminischanhu\/"},"uagb_comment_info":0,"uagb_excerpt":"Instance responsable :Peter Tscherrig Anenh\u00fctte L\u00f6tschental GmbHChutzenstrasse 653047 Bremgarten b. BernSuisseE-mail: info@anenhuette.ch Personnes habilit\u00e9es \u00e0 repr\u00e9senter l'entrepriseDr. Prisca Liselotte Sch\u00e4ppi Tscherrig,Peter Tscherrig Nom de l'entreprise: Peter Tscherrig Anenh\u00fctte L\u00f6tschental GmbHNum\u00e9ro d'enregistrement: CHE-115.399.208Num\u00e9ro d'identification de la taxe sur la valeur ajout\u00e9e: CHE-115.399.208 TVA Clause de non-responsabilit\u00e9L'auteur ne garantit pas la v\u00e9racit\u00e9, l'exactitude, l'actualit\u00e9, la fiabilit\u00e9 et\u2026","_links":{"self":[{"href":"https:\/\/www.anenhuette.ch\/fr\/wp-json\/wp\/v2\/pages\/994","targetHints":{"allow":["GET"]}}],"collection":[{"href":"https:\/\/www.anenhuette.ch\/fr\/wp-json\/wp\/v2\/pages"}],"about":[{"href":"https:\/\/www.anenhuette.ch\/fr\/wp-json\/wp\/v2\/types\/page"}],"author":[{"embeddable":true,"href":"https:\/\/www.anenhuette.ch\/fr\/wp-json\/wp\/v2\/users\/1"}],"replies":[{"embeddable":true,"href":"https:\/\/www.anenhuette.ch\/fr\/wp-json\/wp\/v2\/comments?post=994"}],"version-history":[{"count":1,"href":"https:\/\/www.anenhuette.ch\/fr\/wp-json\/wp\/v2\/pages\/994\/revisions"}],"predecessor-version":[{"id":995,"href":"https:\/\/www.anenhuette.ch\/fr\/wp-json\/wp\/v2\/pages\/994\/revisions\/995"}],"wp:attachment":[{"href":"https:\/\/www.anenhuette.ch\/fr\/wp-json\/wp\/v2\/media?parent=994"}],"curies":[{"name":"wp","href":"https:\/\/api.w.org\/{rel}","templated":true}]}}